{"id":52174,"date":"2021-03-31T01:59:44","date_gmt":"2021-03-30T17:59:44","guid":{"rendered":"https:\/\/funtechinnovation.com\/privacy-policy\/"},"modified":"2023-10-30T21:38:33","modified_gmt":"2023-10-30T21:38:33","slug":"privacy-policy","status":"publish","type":"page","link":"https:\/\/funtechinnovation.com\/it\/privacy-policy\/","title":{"rendered":"Privacy Policy"},"content":{"rendered":"\t\t<div data-elementor-type=\"wp-page\" data-elementor-id=\"52174\" class=\"elementor elementor-52174 elementor-16901\" data-elementor-post-type=\"page\">\n\t\t\t\t\t\t<div class=\"elementor-inner\">\n\t\t\t\t<div class=\"elementor-section-wrap\">\n\t\t\t\t\t\t\t\t\t<section data-particle_enable=\"false\" data-particle-mobile-disabled=\"false\" class=\"elementor-section elementor-top-section elementor-element elementor-element-6af6bf2 elementor-section-boxed elementor-section-height-default elementor-section-height-default\" data-id=\"6af6bf2\" data-element_type=\"section\">\n\t\t\t\t\t\t<div class=\"elementor-container elementor-column-gap-default\">\n\t\t\t\t\t\t\t<div class=\"elementor-row\">\n\t\t\t\t\t<div class=\"elementor-column elementor-col-100 elementor-top-column elementor-element elementor-element-890e27c\" data-id=\"890e27c\" data-element_type=\"column\">\n\t\t\t<div class=\"elementor-column-wrap elementor-element-populated\">\n\t\t\t\t\t\t\t<div class=\"elementor-widget-wrap\">\n\t\t\t\t\t\t<div class=\"elementor-element elementor-element-dad8f18 elementor-widget elementor-widget-spacer\" data-id=\"dad8f18\" data-element_type=\"widget\" data-widget_type=\"spacer.default\">\n\t\t\t\t<div class=\"elementor-widget-container\">\n\t\t\t\t\t<div class=\"elementor-spacer\">\n\t\t\t<div class=\"elementor-spacer-inner\"><\/div>\n\t\t<\/div>\n\t\t\t\t<\/div>\n\t\t\t\t<\/div>\n\t\t\t\t<div class=\"elementor-element elementor-element-640f255 elementor-widget elementor-widget-heading\" data-id=\"640f255\" data-element_type=\"widget\" data-widget_type=\"heading.default\">\n\t\t\t\t<div class=\"elementor-widget-container\">\n\t\t\t<h2 class=\"elementor-heading-title elementor-size-default\">Politica sulla riservatezza<\/h2>\t\t<\/div>\n\t\t\t\t<\/div>\n\t\t\t\t<div class=\"elementor-element elementor-element-42bab54 elementor-widget elementor-widget-text-editor\" data-id=\"42bab54\" data-element_type=\"widget\" data-widget_type=\"text-editor.default\">\n\t\t\t\t<div class=\"elementor-widget-container\">\n\t\t\t\t\t\t\t\t<div class=\"elementor-text-editor elementor-clearfix\">\n\t\t\t\t<p>L&#8217;obiettivo della presente Informativa sulla privacy online \u00e8 informarti in modo conciso, trasparente, comprensibile e facilmente accessibile delle scelte che hai sul modo in cui le informazioni vengono raccolte. Su <a href=\"http:\/\/Funtechinnovation.com\">Funtechinnovation.com<\/a>, ci impegniamo a proteggere la tua privacy. Il nostro impegno \u00e8 quello di salvaguardare tutte le informazioni personali che ci fornisci e di compiere ogni ragionevole sforzo per utilizzare queste informazioni solo come scegli, per fornire i servizi richiesti. Le informazioni personali, come utilizzate nelle leggi sulla privacy e sulla sicurezza delle informazioni dell&#8217;UE e degli Stati Uniti, sono informazioni che possono essere utilizzate da sole o con altre informazioni in modo appropriato e rendendo la presenza Internet di FunTech Innovation un luogo sicuro in cui effettuare transazioni online.<\/p>\n<p>Quali dati personali raccogliamo e perch\u00e9 li raccogliamo<\/p>\n<p>Informazioni che ci fornisci esplicitamente<\/p>\n<p>Per creare il tuo account come cliente o partner commerciale, registrare i tuoi ordini o interagire con FunTech Innovation, ti verr\u00e0 chiesto di fornirci alcune informazioni di identificazione personale, come nome, nome utente, indirizzo postale, indirizzo e-mail indirizzo, numero di telefono e dati di fatturazione. Puoi scegliere di non fornire queste informazioni, ma in questo caso potresti non essere in grado di partecipare ad alcuni dei nostri servizi o offerte.<\/p>\n<p>Informazioni che raccogliamo automaticamente<\/p>\n<p>Utilizziamo tecnologie Internet comuni, come cookie e beacon, per garantire l&#8217;integrit\u00e0 del nostro sito e per personalizzare parti del sito per te. Indirizzo IP: analizziamo gli indirizzi IP in forma aggregata per scopi di amministrazione del sistema e per raccogliere informazioni demografiche generali. Non colleghiamo gli indirizzi IP all&#8217;ID utente del tuo computer. Cookie: Questo sito web utilizza cookie proprietari e di terze parti (per scopi di profilazione) per offrirti la migliore e pi\u00f9 ottimizzata esperienza utente, per migliorare il nostro sito web e per mostrarti pubblicit\u00e0 in base alle tue preferenze. Puoi modificare le impostazioni dei cookie in qualsiasi momento, ma senza di essi alcune parti di questo sito web non funzioneranno correttamente. Continuando a navigare su questo sito web senza modificare le tue impostazioni, considereremo che acconsenti all&#8217;uso dei cookie e di altri tracker come stabilito nella nostra Informativa sui cookie. Per ulteriori informazioni sui cookie e su come disabilitarli, consultare la nostra Informativa sui cookie.<\/p>\n<p>Chi possiede i contenuti dei clienti?<\/p>\n<p>Mantieni la propriet\u00e0 delle tue informazioni personali e selezioni quali servizi FunTech Innovation le elaborano, le archiviano e le ospitano. Non accediamo n\u00e9 utilizziamo i contenuti dei clienti per scopi diversi da quelli richiesti dalla legge e per mantenere i servizi FunTech Innovation e fornirli all&#8217;utente.<\/p>\n<p>Perch\u00e9 viene raccolto?<\/p>\n<p>L&#8217;obiettivo di FunTech Innovation nel raccogliere informazioni personali su di te \u00e8, in primo luogo, offrirti un&#8217;esperienza significativa, piacevole e personalizzata sul sito web e, in secondo luogo, facilitare lo sviluppo di nuovi prodotti e servizi rilevanti per clienti, partner commerciali e visitatori come te. Le informazioni personali ci consentono inoltre di fornirti un servizio migliore personalizzando le nostre comunicazioni in base ai tuoi interessi: fornire pi\u00f9 di ci\u00f2 che desideri e meno di ci\u00f2 che non desideri.<\/p>\n<p>Come utilizziamo le tue informazioni?<\/p>\n<p>FunTech Innovation utilizza solo le informazioni personali che fornisci esplicitamente per condurre affari con te. Potremmo utilizzare le informazioni che raccogliamo da te quando ti registri, effettui un acquisto, ti iscrivi alla nostra newsletter, rispondi a un sondaggio o a una comunicazione di marketing, navighi sul sito Web o utilizzi determinate altre funzionalit\u00e0 del sito nei seguenti modi: creazione e mantenimento di account ; elaborazione, evasione e follow-up degli ordini, a seconda dei casi; rispondere alla tua email; fornire notizie sui nostri prodotti, offerte, aggiornamenti software, servizi, suggerimenti e progetti; invio sondaggi; analizzare i dati aggregati per aumentare la nostra comprensione dei nostri clienti e partner commerciali e la nostra capacit\u00e0 di soddisfare le loro esigenze. Utilizziamo queste informazioni personali anche per: fornirti informazioni relative al tuo account, ai prodotti o ai servizi che hai acquistato da noi; comprendere i tuoi bisogni e interessi; migliorare il nostro servizio; personalizzare le comunicazioni.<\/p>\n<p>Con chi sar\u00e0 condiviso?<\/p>\n<p>Le tue informazioni di identificazione personale non saranno vendute, scambiate o trasferite in altro modo a soggetti esterni.<\/p>\n<p>Aziende che lavorano per nostro conto<\/p>\n<p>Occasionalmente collaboriamo con terze parti per fornire un&#8217;esperienza utente migliore, ad esempio per evadere ordini online, inviare aggiornamenti via e-mail o raccogliere feedback forniti volontariamente. Questi siti di terze parti seguiranno la nostra politica sulla privacy, in conformit\u00e0 con i requisiti legali degli Stati Uniti e dell&#8217;UE e le migliori pratiche in materia di protezione dei dati, oppure mostreranno in modo visibile i propri. \u00c8 loro vietato trasferire le informazioni a terzi, salvo quanto necessario per fornire tali servizi. Fatta eccezione per queste eccezioni e per le attivit\u00e0 di applicazione della legge governativa autorizzate, non forniamo informazioni personali a organizzazioni esterne senza prima ottenere il tuo consenso.<\/p>\n<p>Trasferimenti aziendali: FunTech Innovation si riserva il diritto di trasferire le tue informazioni personali in relazione alla vendita o al trasferimento di tutta o parte della nostra attivit\u00e0 o dei nostri beni, nella misura consentita dalla legge applicabile. Se l&#8217;attivit\u00e0 viene venduta o trasferita, FunTech Innovation ti dar\u00e0 l&#8217;opportunit\u00e0 di dirci di non trasferire le tue informazioni personali. In alcuni casi, ci\u00f2 potrebbe significare che la nuova organizzazione non sar\u00e0 in grado di continuare a fornirti i servizi o i prodotti forniti da FunTech Innovation.<\/p>\n<p>Forze dell&#8217;ordine:FunTech Innovation pu\u00f2 divulgare informazioni personali a terzi senza il tuo consenso per uno dei seguenti motivi: rispettare qualsiasi legge, regolamento o ordinanza del tribunale; collaborare con le indagini governative; per aiutare a prevenire le frodi o per far valere o proteggere i diritti di FunTech Innovation.<\/p>\n<p>Quali email riceveranno?<\/p>\n<p>FunTech Innovation pu\u00f2 inviarti e-mail sui tuoi ordini o sul tuo account e in risposta alle tue domande. FunTech Innovation e le sue filiali possono anche inviarti e-mail con informazioni e\/o offerte speciali su prodotti e servizi che potrebbero interessarti, a condizione che tu abbia accettato di ricevere tali e-mail in conformit\u00e0 con la legge applicabile. Ti daremo l&#8217;opportunit\u00e0 di farci sapere la tua preferenza riguardo alla ricezione di e-mail promozionali. Questa opzione si applica solo alle e-mail promozionali, poich\u00e9 potremmo ritenere necessario inviarti e-mail relative al tuo account, ordine, prodotto o modifiche ai prezzi.<\/p>\n<p>COPPA (Legge sulla tutela della privacy online dei bambini)<\/p>\n<p>Non vendiamo prodotti destinati all&#8217;acquisto da parte di bambini. Quando si tratta della raccolta di informazioni personali da bambini sotto i 13 anni, il Children&#8217;s Online Privacy Protection Act (COPPA) d\u00e0 il controllo ai genitori. Se hai meno di 18 anni, puoi utilizzare il nostro sito web solo con il coinvolgimento di un genitore o tutore. Non raccogliamo consapevolmente informazioni personali da bambini di et\u00e0 inferiore a 13 anni senza il consenso del genitore o del tutore del bambino.<\/p>\n<p>Biscotto<\/p>\n<p>Per contribuire a fornire ai visitatori del sito web la migliore esperienza possibile, utilizziamo software commerciale per segnalare e analizzare i dati aggregati delle metriche web. I dati vengono generalmente conservati a tempo indeterminato per contribuire a migliorare le prestazioni del sito web. Per far funzionare correttamente questo sito, a volte inseriamo sul tuo dispositivo piccoli file di dati chiamati cookie. Anche la maggior parte dei grandi siti web fa lo stesso.<\/p>\n<p>Cosa sono i cookie?<\/p>\n<p>cookie sono piccoli file che un sito o il suo fornitore di servizi trasferisce sul disco rigido del tuo computer tramite il tuo browser Web (se lo consenti) quando visiti il nostro sito. Ci\u00f2 consente ai sistemi del sito o del fornitore di servizi di riconoscere il tuo browser e acquisire e ricordare le tue azioni e preferenze. Ad esempio, utilizziamo i cookie per aiutarci a ricordare il tuo login, la lingua, la dimensione del carattere o per elaborare gli articoli nel tuo carrello. Vengono inoltre utilizzati per aiutarci a comprendere le tue preferenze in base all&#8217;attivit\u00e0 del sito precedente o attuale, il che ci consente di fornirti servizi migliorati. Utilizziamo inoltre i cookie per aiutarci a compilare dati aggregati sul traffico del sito e sull&#8217;interazione del sito in modo da poter offrire esperienze e strumenti migliori in futuro.<\/p>\n<p>Come utilizziamo i cookie?<\/p>\n<p>Utilizziamo i cookie per: Identificarti. Aiuta a ricordare ed elaborare gli articoli nel carrello. Comprendere e salvare le preferenze dell&#8217;utente per le visite future.<\/p>\n<p>Quali cookie utilizziamo?<\/p>\n<p>I nostri siti utilizzano tre tipi di strumenti: cookie di sessione, cookie persistenti e altri strumenti di personalizzazione. I cookie di sessione non contengono informazioni personali e svaniscono con la chiusura della finestra del browser. Utilizziamo cookie di sessione per scopi tecnici, ad esempio per consentirti di navigare pi\u00f9 facilmente all&#8217;interno dei siti web. I cookie di sessione raccolgono solo dati non identificabili personalmente. I cookie persistenti memorizzano informazioni sui tuoi computer per periodi di tempo pi\u00f9 lunghi e attraverso pi\u00f9 visite. Non utilizziamo cookie persistenti per raccogliere informazioni personali identificabili sui visitatori. Tuttavia, utilizziamo cookie persistenti per migliorare le metriche web distinguendo tra visitatori nuovi e di ritorno, per aggregare in modo anonimo i dati su come i visitatori utilizzano i nostri siti Web e per ricordare le preferenze fornite volontariamente per creare un&#8217;esperienza di navigazione pi\u00f9 fluida. Gli strumenti di personalizzazione ti consentono di fornire volontariamente informazioni per personalizzare e migliorare la tua esperienza online. Le informazioni provenienti dagli strumenti di personalizzazione vengono salvate sui nostri server.<\/p>\n<p>Quali cookie utilizziamo?<\/p>\n<p>Puoi rifiutare tutti i cookie (ad eccezione dei cookie strettamente necessari) nel caso in cui preferisci non riceverli, e puoi fare in modo che il tuo computer ti avvisi ogni volta che i cookie vengono utilizzati. Puoi eliminare i cookie gi\u00e0 presenti sul tuo computer e impostare il tuo browser per impedirne l&#8217;inserimento. Puoi farlo attraverso le impostazioni del tuo browser (come Internet Explorer). Ogni browser \u00e8 leggermente diverso, quindi consulta il menu Guida del tuo browser per apprendere il modo corretto di modificare i cookie. La disabilitazione dei cookie potrebbe tuttavia impedire ad alcuni servizi web di funzionare correttamente. Tieni presente che impostare il tuo computer in modo da rifiutare i cookie pu\u00f2 limitare la funzionalit\u00e0 del sito web visitato ed \u00e8 possibile che tu non abbia accesso ad alcune delle funzionalit\u00e0 del sito web. \u00c8 comunque possibile effettuare ordini. Per disabilitare i cookie o per ricevere un avviso ogni volta che i cookie vengono utilizzati, \u00e8 necessario modificare le impostazioni del browser. Puoi modificare le impostazioni del tuo browser per eliminare determinati cookie. Visita la sezione &#8220;aiuto&#8221; del tuo browser per come gestire le impostazioni dei cookie o segui i collegamenti seguenti:<\/p>\n<p>Internet Explorer: <a href=\"https:\/\/support.microsoft.com\/help\/17442\/windows-internet-explorer-delete-manage-cookies\">https:\/\/support.microsoft.com\/help\/17442\/windows-internet-explorer-delete-manage-cookies<\/a> Mozilla Firefox: <a href=\"http:\/\/support.mozilla.com\/en-US\/kb\/Cookie\">http:\/\/support.mozilla.com\/en-US\/kb\/Cookie<\/a> Google Chrome: <a href=\"http:\/\/www.google.com\/support\/chrome\/bin\/answer.py?hl=it&amp;answer=95647\">http:\/\/www.google.com\/support\/chrome\/bin\/answer.py?hl=it&amp;answer=95647<\/a> Safari: <a href=\"http:\/\/support.apple.com\/kb\/PH5042\">http:\/\/support.apple.com\/kb\/PH5042<\/a> Opera: <a href=\"http:\/\/help.opera.com\/opera\/Windows\/2308\/en\/private.html\">http:\/\/help.opera.com\/opera\/Windows\/2308\/en\/private.html<\/a> Per saperne di pi\u00f9 sui cookie, incluso come vedere quali cookie sono stati impostati e come gestirli ed eliminarli, visitare <a href=\"http:\/\/www.allaboutcookies.org\">www.allaboutcookies.org<\/a>. Per disattivare il targeting da parte di molte societ\u00e0 pubblicitarie di terze parti, visitare la Network Advertising Initiative (NAI). Sono disponibili anche prodotti software in grado di gestire i cookie per te. Molti browser web ti consentono di utilizzare la funzione \u201cDo Not Track\u201d per informare i siti web e le reti pubblicitarie che non desideri che le tue attivit\u00e0 online vengano tracciate. Per ulteriori informazioni sui segnali di tracciamento del browser e su Do Not Track, visitare <a href=\"http:\/\/Allaboutdnt.org\">Allaboutdnt.org<\/a>.<\/p>\n\t\t\t\t\t<\/div>\n\t\t\t\t\t\t<\/div>\n\t\t\t\t<\/div>\n\t\t\t\t\t\t<\/div>\n\t\t\t\t\t<\/div>\n\t\t<\/div>\n\t\t\t\t\t\t\t\t<\/div>\n\t\t\t\t\t<\/div>\n\t\t<\/section>\n\t\t\t\t\t\t\t\t\t<\/div>\n\t\t\t<\/div>\n\t\t\t\t\t<\/div>\n\t\t","protected":false},"excerpt":{"rendered":"<p>Politica sulla riservatezza L&#8217;obiettivo della presente Informativa sulla privacy online \u00e8 informarti in modo conciso, trasparente, comprensibile e facilmente accessibile delle scelte che hai sul modo in cui le informazioni vengono raccolte. Su Funtechinnovation.com, ci impegniamo a proteggere la tua privacy. Il nostro impegno \u00e8 quello di salvaguardare tutte le informazioni personali che ci fornisci [&hellip;]<\/p>\n","protected":false},"author":6,"featured_media":0,"parent":0,"menu_order":0,"comment_status":"closed","ping_status":"closed","template":"","meta":{"inline_featured_image":false,"footnotes":""},"class_list":["post-52174","page","type-page","status-publish","hentry","entry"],"acf":[],"yoast_head":"<!-- This site is optimized with the Yoast SEO plugin v21.2 - https:\/\/yoast.com\/wordpress\/plugins\/seo\/ -->\n<title>Privacy Policy - FunTech Innovation<\/title>\n<meta name=\"robots\" content=\"index, follow, max-snippet:-1, max-image-preview:large, max-video-preview:-1\" \/>\n<link rel=\"canonical\" href=\"https:\/\/funtechinnovation.com\/privacy-policy\/\" \/>\n<meta property=\"og:locale\" content=\"it_IT\" \/>\n<meta property=\"og:type\" content=\"article\" \/>\n<meta property=\"og:title\" content=\"Privacy Policy - FunTech Innovation\" \/>\n<meta property=\"og:description\" content=\"Politica sulla riservatezza L&#8217;obiettivo della presente Informativa sulla privacy online \u00e8 informarti in modo conciso, trasparente, comprensibile e facilmente accessibile delle scelte che hai sul modo in cui le informazioni vengono raccolte. Su Funtechinnovation.com, ci impegniamo a proteggere la tua privacy. Il nostro impegno \u00e8 quello di salvaguardare tutte le informazioni personali che ci fornisci [&hellip;]\" \/>\n<meta property=\"og:url\" content=\"https:\/\/funtechinnovation.com\/privacy-policy\/\" \/>\n<meta property=\"og:site_name\" content=\"FunTech Innovation\" \/>\n<meta property=\"article:modified_time\" content=\"2023-10-30T21:38:33+00:00\" \/>\n<meta name=\"twitter:card\" content=\"summary_large_image\" \/>\n<meta name=\"twitter:label1\" content=\"Tempo di lettura stimato\" \/>\n\t<meta name=\"twitter:data1\" content=\"8 minuti\" \/>\n<script type=\"application\/ld+json\" class=\"yoast-schema-graph\">{\"@context\":\"https:\/\/schema.org\",\"@graph\":[{\"@type\":\"WebPage\",\"@id\":\"https:\/\/funtechinnovation.com\/privacy-policy\/\",\"url\":\"https:\/\/funtechinnovation.com\/privacy-policy\/\",\"name\":\"Privacy Policy - FunTech Innovation\",\"isPartOf\":{\"@id\":\"https:\/\/funtechinnovation.com\/#website\"},\"datePublished\":\"2021-03-30T17:59:44+00:00\",\"dateModified\":\"2023-10-30T21:38:33+00:00\",\"breadcrumb\":{\"@id\":\"https:\/\/funtechinnovation.com\/privacy-policy\/#breadcrumb\"},\"inLanguage\":\"it-IT\",\"potentialAction\":[{\"@type\":\"ReadAction\",\"target\":[\"https:\/\/funtechinnovation.com\/privacy-policy\/\"]}]},{\"@type\":\"BreadcrumbList\",\"@id\":\"https:\/\/funtechinnovation.com\/privacy-policy\/#breadcrumb\",\"itemListElement\":[{\"@type\":\"ListItem\",\"position\":1,\"name\":\"Home\",\"item\":\"https:\/\/funtechinnovation.com\/it\/\"},{\"@type\":\"ListItem\",\"position\":2,\"name\":\"Privacy Policy\"}]},{\"@type\":\"WebSite\",\"@id\":\"https:\/\/funtechinnovation.com\/#website\",\"url\":\"https:\/\/funtechinnovation.com\/\",\"name\":\"FunTech Innovation\",\"description\":\"MEET THE FUTURE\",\"publisher\":{\"@id\":\"https:\/\/funtechinnovation.com\/#organization\"},\"potentialAction\":[{\"@type\":\"SearchAction\",\"target\":{\"@type\":\"EntryPoint\",\"urlTemplate\":\"https:\/\/funtechinnovation.com\/?s={search_term_string}\"},\"query-input\":\"required name=search_term_string\"}],\"inLanguage\":\"it-IT\"},{\"@type\":\"Organization\",\"@id\":\"https:\/\/funtechinnovation.com\/#organization\",\"name\":\"FunTech Innovation\",\"url\":\"https:\/\/funtechinnovation.com\/\",\"logo\":{\"@type\":\"ImageObject\",\"inLanguage\":\"it-IT\",\"@id\":\"https:\/\/funtechinnovation.com\/#\/schema\/logo\/image\/\",\"url\":\"https:\/\/funtechinnovation.com\/wp-content\/uploads\/2022\/08\/website-master-logo-white.png\",\"contentUrl\":\"https:\/\/funtechinnovation.com\/wp-content\/uploads\/2022\/08\/website-master-logo-white.png\",\"width\":461,\"height\":159,\"caption\":\"FunTech Innovation\"},\"image\":{\"@id\":\"https:\/\/funtechinnovation.com\/#\/schema\/logo\/image\/\"}}]}<\/script>\n<!-- \/ Yoast SEO plugin. -->","yoast_head_json":{"title":"Privacy Policy - FunTech Innovation","robots":{"index":"index","follow":"follow","max-snippet":"max-snippet:-1","max-image-preview":"max-image-preview:large","max-video-preview":"max-video-preview:-1"},"canonical":"https:\/\/funtechinnovation.com\/privacy-policy\/","og_locale":"it_IT","og_type":"article","og_title":"Privacy Policy - FunTech Innovation","og_description":"Politica sulla riservatezza L&#8217;obiettivo della presente Informativa sulla privacy online \u00e8 informarti in modo conciso, trasparente, comprensibile e facilmente accessibile delle scelte che hai sul modo in cui le informazioni vengono raccolte. Su Funtechinnovation.com, ci impegniamo a proteggere la tua privacy. Il nostro impegno \u00e8 quello di salvaguardare tutte le informazioni personali che ci fornisci [&hellip;]","og_url":"https:\/\/funtechinnovation.com\/privacy-policy\/","og_site_name":"FunTech Innovation","article_modified_time":"2023-10-30T21:38:33+00:00","twitter_card":"summary_large_image","twitter_misc":{"Tempo di lettura stimato":"8 minuti"},"schema":{"@context":"https:\/\/schema.org","@graph":[{"@type":"WebPage","@id":"https:\/\/funtechinnovation.com\/privacy-policy\/","url":"https:\/\/funtechinnovation.com\/privacy-policy\/","name":"Privacy Policy - FunTech Innovation","isPartOf":{"@id":"https:\/\/funtechinnovation.com\/#website"},"datePublished":"2021-03-30T17:59:44+00:00","dateModified":"2023-10-30T21:38:33+00:00","breadcrumb":{"@id":"https:\/\/funtechinnovation.com\/privacy-policy\/#breadcrumb"},"inLanguage":"it-IT","potentialAction":[{"@type":"ReadAction","target":["https:\/\/funtechinnovation.com\/privacy-policy\/"]}]},{"@type":"BreadcrumbList","@id":"https:\/\/funtechinnovation.com\/privacy-policy\/#breadcrumb","itemListElement":[{"@type":"ListItem","position":1,"name":"Home","item":"https:\/\/funtechinnovation.com\/it\/"},{"@type":"ListItem","position":2,"name":"Privacy Policy"}]},{"@type":"WebSite","@id":"https:\/\/funtechinnovation.com\/#website","url":"https:\/\/funtechinnovation.com\/","name":"FunTech Innovation","description":"MEET THE FUTURE","publisher":{"@id":"https:\/\/funtechinnovation.com\/#organization"},"potentialAction":[{"@type":"SearchAction","target":{"@type":"EntryPoint","urlTemplate":"https:\/\/funtechinnovation.com\/?s={search_term_string}"},"query-input":"required name=search_term_string"}],"inLanguage":"it-IT"},{"@type":"Organization","@id":"https:\/\/funtechinnovation.com\/#organization","name":"FunTech Innovation","url":"https:\/\/funtechinnovation.com\/","logo":{"@type":"ImageObject","inLanguage":"it-IT","@id":"https:\/\/funtechinnovation.com\/#\/schema\/logo\/image\/","url":"https:\/\/funtechinnovation.com\/wp-content\/uploads\/2022\/08\/website-master-logo-white.png","contentUrl":"https:\/\/funtechinnovation.com\/wp-content\/uploads\/2022\/08\/website-master-logo-white.png","width":461,"height":159,"caption":"FunTech Innovation"},"image":{"@id":"https:\/\/funtechinnovation.com\/#\/schema\/logo\/image\/"}}]}},"_links":{"self":[{"href":"https:\/\/funtechinnovation.com\/it\/wp-json\/wp\/v2\/pages\/52174","targetHints":{"allow":["GET"]}}],"collection":[{"href":"https:\/\/funtechinnovation.com\/it\/wp-json\/wp\/v2\/pages"}],"about":[{"href":"https:\/\/funtechinnovation.com\/it\/wp-json\/wp\/v2\/types\/page"}],"author":[{"embeddable":true,"href":"https:\/\/funtechinnovation.com\/it\/wp-json\/wp\/v2\/users\/6"}],"replies":[{"embeddable":true,"href":"https:\/\/funtechinnovation.com\/it\/wp-json\/wp\/v2\/comments?post=52174"}],"version-history":[{"count":1,"href":"https:\/\/funtechinnovation.com\/it\/wp-json\/wp\/v2\/pages\/52174\/revisions"}],"predecessor-version":[{"id":54753,"href":"https:\/\/funtechinnovation.com\/it\/wp-json\/wp\/v2\/pages\/52174\/revisions\/54753"}],"wp:attachment":[{"href":"https:\/\/funtechinnovation.com\/it\/wp-json\/wp\/v2\/media?parent=52174"}],"curies":[{"name":"wp","href":"https:\/\/api.w.org\/{rel}","templated":true}]}}