{"id":52172,"date":"2021-03-31T01:59:44","date_gmt":"2021-03-30T17:59:44","guid":{"rendered":"https:\/\/funtechinnovation.com\/privacy-policy\/"},"modified":"2023-10-26T19:19:33","modified_gmt":"2023-10-26T19:19:33","slug":"privacy-policy","status":"publish","type":"page","link":"https:\/\/funtechinnovation.com\/fr\/privacy-policy\/","title":{"rendered":"Privacy Policy"},"content":{"rendered":"\t\t<div data-elementor-type=\"wp-page\" data-elementor-id=\"52172\" class=\"elementor elementor-52172 elementor-16901\" data-elementor-post-type=\"page\">\n\t\t\t\t\t\t<div class=\"elementor-inner\">\n\t\t\t\t<div class=\"elementor-section-wrap\">\n\t\t\t\t\t\t\t\t\t<section data-particle_enable=\"false\" data-particle-mobile-disabled=\"false\" class=\"elementor-section elementor-top-section elementor-element elementor-element-6af6bf2 elementor-section-boxed elementor-section-height-default elementor-section-height-default\" data-id=\"6af6bf2\" data-element_type=\"section\">\n\t\t\t\t\t\t<div class=\"elementor-container elementor-column-gap-default\">\n\t\t\t\t\t\t\t<div class=\"elementor-row\">\n\t\t\t\t\t<div class=\"elementor-column elementor-col-100 elementor-top-column elementor-element elementor-element-890e27c\" data-id=\"890e27c\" data-element_type=\"column\">\n\t\t\t<div class=\"elementor-column-wrap elementor-element-populated\">\n\t\t\t\t\t\t\t<div class=\"elementor-widget-wrap\">\n\t\t\t\t\t\t<div class=\"elementor-element elementor-element-dad8f18 elementor-widget elementor-widget-spacer\" data-id=\"dad8f18\" data-element_type=\"widget\" data-widget_type=\"spacer.default\">\n\t\t\t\t<div class=\"elementor-widget-container\">\n\t\t\t\t\t<div class=\"elementor-spacer\">\n\t\t\t<div class=\"elementor-spacer-inner\"><\/div>\n\t\t<\/div>\n\t\t\t\t<\/div>\n\t\t\t\t<\/div>\n\t\t\t\t<div class=\"elementor-element elementor-element-640f255 elementor-widget elementor-widget-heading\" data-id=\"640f255\" data-element_type=\"widget\" data-widget_type=\"heading.default\">\n\t\t\t\t<div class=\"elementor-widget-container\">\n\t\t\t<h2 class=\"elementor-heading-title elementor-size-default\">Politique de confidentialit\u00e9<\/h2>\t\t<\/div>\n\t\t\t\t<\/div>\n\t\t\t\t<div class=\"elementor-element elementor-element-42bab54 elementor-widget__width-initial elementor-widget elementor-widget-text-editor\" data-id=\"42bab54\" data-element_type=\"widget\" data-widget_type=\"text-editor.default\">\n\t\t\t\t<div class=\"elementor-widget-container\">\n\t\t\t\t\t\t\t\t<div class=\"elementor-text-editor elementor-clearfix\">\n\t\t\t\t<p>L&#8217;objectif de cet avis de confidentialit\u00e9 en ligne est de vous informer de mani\u00e8re concise, transparente, intelligible et facilement accessible des choix qui s&#8217;offrent \u00e0 vous quant \u00e0 la mani\u00e8re dont les informations sont collect\u00e9es.<\/p>\n<p>Chez Funtechinnovation.com, nous nous engageons \u00e0 prot\u00e9ger votre vie priv\u00e9e. Notre engagement est de prot\u00e9ger toutes les informations personnelles que vous nous fournissez et de faire tous les efforts raisonnables pour utiliser ces informations uniquement comme vous le souhaitez, afin de fournir les services que vous demandez. Les informations personnelles, telles qu&#8217;utilis\u00e9es dans les lois europ\u00e9ennes et am\u00e9ricaines sur la confidentialit\u00e9 et la s\u00e9curit\u00e9 des informations, sont des informations qui peuvent \u00eatre utilis\u00e9es seules ou avec d&#8217;autres informations de mani\u00e8re appropri\u00e9e et qui font de la pr\u00e9sence Internet de FunTech Innovation un endroit s\u00fbr et s\u00e9curis\u00e9 pour vos transactions en ligne.<\/p>\n<p>Quelles donn\u00e9es personnelles nous collectons et pourquoi nous les collectons<\/p>\n<p>Informations que vous nous fournissez explicitement<\/p>\n<p>Afin de cr\u00e9er votre compte en tant que client ou partenaire commercial, d&#8217;enregistrer vos commandes ou d&#8217;interagir avec FunTech Innovation, il vous sera demand\u00e9 de nous fournir certaines informations personnellement identifiables, telles que votre nom, nom d&#8217;utilisateur, adresse postale, e-mail. adresse, num\u00e9ro de t\u00e9l\u00e9phone et informations de facturation. Vous pouvez choisir de ne pas fournir ces informations, mais vous ne pourrez alors peut-\u00eatre pas participer \u00e0 certains de nos services ou offres.<\/p>\n<p>Informations que nous collectons automatiquement<\/p>\n<p>Nous utilisons des technologies Internet courantes, telles que les cookies et les balises, pour garantir l&#8217;int\u00e9grit\u00e9 de notre site et personnaliser certaines parties du site pour vous.&nbsp;<\/p>\n<p>Adresse IP : Nous analysons les adresses IP globalement \u00e0 des fins d&#8217;administration du syst\u00e8me et pour recueillir des informations d\u00e9mographiques g\u00e9n\u00e9rales. Nous ne lions pas les adresses IP \u00e0 l&#8217;identifiant utilisateur de votre ordinateur.&nbsp;<\/p>\n<p>Cookie : Ce site Web utilise des cookies propri\u00e9taires et tiers (\u00e0 des fins de profilage) pour vous offrir la meilleure exp\u00e9rience utilisateur, la plus optimis\u00e9e, pour am\u00e9liorer notre site Web et vous montrer des publicit\u00e9s selon vos pr\u00e9f\u00e9rences. Vous pouvez modifier vos param\u00e8tres de cookies \u00e0 tout moment, mais sans eux, certaines parties de ce site Web ne fonctionneront pas correctement. En poursuivant votre navigation sur ce site Web sans modifier vos param\u00e8tres, nous consid\u00e9rerons que vous consentez \u00e0 l&#8217;utilisation de cookies et autres traceurs comme indiqu\u00e9 dans notre Avis relatif aux cookies. Pour plus d&#8217;informations sur les cookies et comment les d\u00e9sactiver, veuillez consulter notre Avis relatif aux cookies.<\/p>\n<p>\u00c0 qui appartient le contenu client ?<\/p>\n<p>Vous conservez la propri\u00e9t\u00e9 de vos informations personnelles et s\u00e9lectionnez les services FunTech Innovation qui les traitent, les stockent et les h\u00e9bergent. Nous n&#8217;acc\u00e9dons ni n&#8217;utilisons le contenu client \u00e0 d&#8217;autres fins que celles requises par la loi et pour maintenir les services FunTech Innovation et vous les fournir.<\/p>\n<p>Pourquoi est-il collect\u00e9 ?<\/p>\n<p>L&#8217;objectif de FunTech Innovation en collectant des informations personnelles vous concernant est, premi\u00e8rement, de vous offrir une exp\u00e9rience de site Web significative, agr\u00e9able et personnalis\u00e9e et, deuxi\u00e8mement, de faciliter le d\u00e9veloppement de nouveaux produits et services pertinents pour les clients, les partenaires commerciaux et les visiteurs comme vous. Les informations personnelles nous permettent \u00e9galement de vous fournir un meilleur service en adaptant nos communications \u00e0 vos int\u00e9r\u00eats : offrez plus de ce que vous voulez et moins de ce que vous ne voulez pas.<\/p>\n<p>Comment utilisons-nous vos informations?<\/p>\n<p>FunTech Innovation utilise uniquement les informations personnelles que vous fournissez explicitement pour faire affaire avec vous. Nous pouvons utiliser les informations que nous collectons aupr\u00e8s de vous lorsque vous vous inscrivez, effectuez un achat, vous inscrivez \u00e0 notre newsletter, r\u00e9pondez \u00e0 une enqu\u00eate ou \u00e0 une communication marketing, surfez sur le site Web ou utilisez certaines autres fonctionnalit\u00e9s du site des mani\u00e8res suivantes :<\/p>\n<p>cr\u00e9er et g\u00e9rer des comptes ;<\/p>\n<p>traiter, ex\u00e9cuter et suivre les commandes, le cas \u00e9ch\u00e9ant ;<\/p>\n<p>r\u00e9pondre \u00e0 votre e-mail ;<\/p>\n<p>fournir des informations sur nos produits, offres, mises \u00e0 niveau logicielles, services, conseils et projets ;<\/p>\n<p>envoyer des sondages ;<\/p>\n<p>analyser des donn\u00e9es globales pour accro\u00eetre notre compr\u00e9hension de nos clients et partenaires commerciaux et notre capacit\u00e9 \u00e0 r\u00e9pondre \u00e0 leurs besoins.<\/p>\n<p>Nous utilisons \u00e9galement ces informations personnelles pour :<\/p>\n<p>vous fournir des informations relatives \u00e0 votre compte, aux produits ou services que vous avez achet\u00e9s chez nous ;<\/p>\n<p>comprendre vos besoins et vos int\u00e9r\u00eats ;<\/p>\n<p>am\u00e9liorer notre service ;<\/p>\n<p>personnaliser les communications.<\/p>\n<p>Avec qui sera-t-il partag\u00e9 ?<\/p>\n<p>Vos informations personnelles identifiables ne seront pas vendues, \u00e9chang\u00e9es ou autrement transf\u00e9r\u00e9es \u00e0 des tiers.<\/p>\n<p>Entreprises qui travaillent pour nous<\/p>\n<p>Parfois, nous travaillons avec des tiers pour offrir une meilleure exp\u00e9rience utilisateur, par exemple pour ex\u00e9cuter des commandes en ligne, envoyer des mises \u00e0 jour par courrier \u00e9lectronique ou recueillir des commentaires fournis volontairement. Ces sites tiers suivront soit notre politique de confidentialit\u00e9, conform\u00e9ment aux exigences l\u00e9gales des \u00c9tats-Unis et de l&#8217;Union europ\u00e9enne et aux meilleures pratiques en mati\u00e8re de protection des donn\u00e9es, soit afficheront la leur de mani\u00e8re bien visible. Il leur est interdit de transf\u00e9rer les informations \u00e0 un tiers, sauf si cela est n\u00e9cessaire pour fournir ces services. En dehors de ces exceptions, et pour les activit\u00e9s d\u2019application de la loi autoris\u00e9es par le gouvernement, nous ne fournissons pas d\u2019informations personnelles \u00e0 des organisations ext\u00e9rieures sans avoir obtenu au pr\u00e9alable votre consentement.<\/p>\n<p>Transferts d&#8217;entreprises : FunTech Innovation se r\u00e9serve le droit de transf\u00e9rer vos informations personnelles dans le cadre de la vente ou du transfert de tout ou partie de notre entreprise ou de nos actifs, dans la mesure permise par la loi applicable. Si l&#8217;entreprise est vendue ou transf\u00e9r\u00e9e, FunTech Innovation vous donnera la possibilit\u00e9 de nous dire de ne pas transf\u00e9rer vos informations personnelles. Dans certains cas, cela peut signifier que la nouvelle organisation ne sera pas en mesure de continuer \u00e0 vous fournir les services ou produits fournis par FunTech Innovation.<\/p>\n<p>Forces de l&#8217;ordre : FunTech Innovation peut divulguer des informations personnelles \u00e0 des tiers sans votre consentement pour l&#8217;une des raisons suivantes : pour se conformer \u00e0 toute loi, r\u00e9glementation ou ordonnance d&#8217;un tribunal ; coop\u00e9rer avec les enqu\u00eates gouvernementales ; pour aider \u00e0 pr\u00e9venir la fraude ou pour faire respecter ou prot\u00e9ger les droits de FunTech Innovation.<\/p>\n<p>Quels e-mails recevrez-vous ?<\/p>\n<p>FunTech Innovation peut vous envoyer des e-mails concernant vos commandes ou votre compte et en r\u00e9ponse \u00e0 vos questions. FunTech Innovation et ses filiales peuvent \u00e9galement vous envoyer des e-mails contenant des informations et\/ou des offres sp\u00e9ciales sur des produits et services susceptibles de vous int\u00e9resser, \u00e0 condition que vous ayez accept\u00e9 de recevoir de tels e-mails conform\u00e9ment \u00e0 la loi applicable.<\/p>\n<p>Nous vous donnerons la possibilit\u00e9 de nous faire part de votre pr\u00e9f\u00e9rence concernant la r\u00e9ception d&#8217;e-mails promotionnels. Cette option s&#8217;applique uniquement aux e-mails promotionnels, car nous pouvons juger n\u00e9cessaire de vous envoyer un e-mail concernant votre compte, votre commande, votre produit ou vos modifications de prix.<\/p>\n<p>COPPA (Loi sur la protection de la vie priv\u00e9e des enfants en ligne)<\/p>\n<p>Nous ne vendons pas de produits destin\u00e9s \u00e0 \u00eatre achet\u00e9s par des enfants. En ce qui concerne la collecte d&#8217;informations personnelles aupr\u00e8s d&#8217;enfants de moins de 13 ans, la loi COPPA (Children&#8217;s Online Privacy Protection Act) donne le contr\u00f4le aux parents. Si vous avez moins de 18 ans, vous ne pouvez utiliser notre site Web qu&#8217;avec la participation d&#8217;un parent ou d&#8217;un tuteur. Nous ne collectons pas sciemment d&#8217;informations personnelles sur des enfants de moins de 13 ans sans le consentement du parent ou du tuteur de l&#8217;enfant.<\/p>\n<p>Cookies<\/p>\n<p>Pour aider \u00e0 offrir aux visiteurs du site Web la meilleure exp\u00e9rience possible, nous utilisons un logiciel commercial pour rapporter et analyser les donn\u00e9es de m\u00e9triques Web agr\u00e9g\u00e9es. Les donn\u00e9es sont g\u00e9n\u00e9ralement conserv\u00e9es ind\u00e9finiment pour contribuer \u00e0 am\u00e9liorer les performances du site Web.<\/p>\n<p>Pour que ce site fonctionne correctement, nous pla\u00e7ons parfois de petits fichiers de donn\u00e9es appel\u00e9s cookies sur votre appareil. La plupart des grands sites Web le font \u00e9galement.<\/p>\n<p>Que sont les cookies ?<\/p>\n<p>Les cookies sont de petits fichiers qu&#8217;un site ou son fournisseur de services transf\u00e8re sur le disque dur de votre ordinateur via votre navigateur Web (si vous l&#8217;autorisez) lorsque vous visitez notre site. Il permet aux syst\u00e8mes du site ou du fournisseur de services de reconna\u00eetre votre navigateur et de capturer et m\u00e9moriser vos actions et pr\u00e9f\u00e9rences. Par exemple, nous utilisons des cookies pour nous aider \u00e0 m\u00e9moriser votre identifiant, votre langue, la taille de la police ou \u00e0 traiter les articles de votre panier. Ils sont \u00e9galement utilis\u00e9s pour nous aider \u00e0 comprendre vos pr\u00e9f\u00e9rences en fonction de votre activit\u00e9 pr\u00e9c\u00e9dente ou actuelle sur le site, ce qui nous permet de vous fournir des services am\u00e9lior\u00e9s. Nous utilisons \u00e9galement des cookies pour nous aider \u00e0 compiler des donn\u00e9es globales sur le trafic et l&#8217;interaction du site afin que nous puissions offrir de meilleures exp\u00e9riences et outils sur le site \u00e0 l&#8217;avenir.<\/p>\n<p>Comment utilisons-nous les cookies ?<\/p>\n<p>Nous utilisons des cookies pour :&nbsp;<\/p>\n<p>Vous identifier.&nbsp;<\/p>\n<p>Aidez-nous \u00e0 m\u00e9moriser et \u00e0 traiter les articles du panier.&nbsp;<\/p>\n<p>Comprenez et enregistrez les pr\u00e9f\u00e9rences de l&#8217;utilisateur pour les visites futures.<\/p>\n<p>Quels cookies utilisons-nous ?<\/p>\n<p>Nos sites utilisent trois types d&#8217;outils : les cookies de session, les cookies persistants et d&#8217;autres outils de personnalisation.&nbsp;<\/p>\n<p>Les cookies de session ne contiennent pas d&#8217;informations personnelles et disparaissent une fois la fen\u00eatre du navigateur ferm\u00e9e. Nous utilisons des cookies de session \u00e0 des fins techniques, par exemple pour vous permettre de naviguer plus facilement sur les sites Web. Les cookies de session collectent uniquement des donn\u00e9es non personnellement identifiables.<\/p>\n<p>Les cookies persistants stockent des informations sur vos ordinateurs pendant des p\u00e9riodes plus longues et lors de plusieurs visites. Nous n&#8217;utilisons pas de cookies persistants pour collecter des informations personnelles identifiables sur les visiteurs. Cependant, nous utilisons des cookies persistants pour am\u00e9liorer les statistiques Web en distinguant les visiteurs nouveaux et connus, pour regrouper de mani\u00e8re anonyme des donn\u00e9es sur la fa\u00e7on dont les visiteurs utilisent nos sites Web et pour m\u00e9moriser vos pr\u00e9f\u00e9rences volontairement fournies afin de cr\u00e9er une exp\u00e9rience de navigation plus fluide.&nbsp;<\/p>\n<p>Les outils de personnalisation vous permettent de fournir volontairement des informations pour personnaliser et am\u00e9liorer votre exp\u00e9rience en ligne. Les informations provenant des outils de personnalisation sont enregistr\u00e9es sur nos serveurs.<\/p>\n<p>Quels cookies utilisons-nous ?<\/p>\n<p>&#8220;Vous pouvez refuser tous les cookies (\u00e0 l&#8217;exception des cookies strictement n\u00e9cessaires) si vous pr\u00e9f\u00e9rez ne pas les recevoir, et vous pouvez demander \u00e0 votre ordinateur de vous avertir chaque fois que des cookies sont utilis\u00e9s. Vous pouvez supprimer les cookies d\u00e9j\u00e0 pr\u00e9sents sur votre ordinateur et configurer votre navigateur pour emp\u00eacher leur installation. Vous faites cela via les param\u00e8tres de votre navigateur (comme Internet Explorer). Chaque navigateur est un peu diff\u00e9rent, alors consultez le menu Aide de votre navigateur pour savoir comment modifier correctement vos cookies.<\/p>\n<p>La d\u00e9sactivation des cookies peut toutefois emp\u00eacher certains services Web de fonctionner correctement. Veuillez noter que lorsque vous avez configur\u00e9 votre ordinateur pour rejeter les cookies, cela peut limiter les fonctionnalit\u00e9s du site Web que vous visitez et il est alors possible que vous n&#8217;ayez pas acc\u00e8s \u00e0 certaines fonctionnalit\u00e9s du site Web. Cependant, vous pouvez toujours passer des commandes.<\/p>\n<p>Pour d\u00e9sactiver les cookies ou recevoir un avertissement chaque fois que des cookies sont utilis\u00e9s, vous devez ajuster les param\u00e8tres de votre navigateur. Vous pouvez ajuster les param\u00e8tres de votre navigateur pour supprimer certains cookies. Visitez la section \u00ab aide \u00bb de votre navigateur pour savoir comment g\u00e9rer vos param\u00e8tres de cookies, ou suivez les liens ci-dessous :&#8221;<br>&#8220;Internet Explorer&nbsp;: https:\/\/support.microsoft.com\/help\/17442\/windows-internet-explorer-delete-manage-cookies<br>Mozilla Firefox&nbsp;: http:\/\/support.mozilla.com\/en-US\/kb\/Cookie<br>Google Chrome&nbsp;: http:\/\/www.google.com\/support\/chrome\/bin\/answer.py?hl=en&amp;answer=95647<br>Safari&nbsp;: http:\/\/support.apple.com\/kb\/PH5042<br>Op\u00e9ra&nbsp;: http:\/\/help.opera.com\/opera\/Windows\/2308\/en\/private.html<br>Pour en savoir plus sur les cookies, y compris comment voir quels cookies ont \u00e9t\u00e9 d\u00e9finis et comment les g\u00e9rer et les supprimer, visitez www.allaboutcookies.org.<\/p>\n<p>Pour vous d\u00e9sinscrire du ciblage par de nombreuses soci\u00e9t\u00e9s de publicit\u00e9 tierces, veuillez visiter la Network Advertising Initiative (NAI).<\/p>\n<p>Il existe \u00e9galement des logiciels disponibles qui peuvent g\u00e9rer les cookies pour vous. De nombreux navigateurs Web vous permettent d&#8217;utiliser une fonction \u00ab&nbsp;Ne pas suivre&nbsp;\u00bb pour informer les sites Web et les r\u00e9seaux publicitaires que vous ne souhaitez pas que vos activit\u00e9s en ligne soient suivies. Pour plus d\u2019informations sur les signaux de suivi du navigateur et Do Not Track, veuillez visiter Allaboutdnt.org.&#8221;<\/p>\t\t\t\t\t<\/div>\n\t\t\t\t\t\t<\/div>\n\t\t\t\t<\/div>\n\t\t\t\t\t\t<\/div>\n\t\t\t\t\t<\/div>\n\t\t<\/div>\n\t\t\t\t\t\t\t\t<\/div>\n\t\t\t\t\t<\/div>\n\t\t<\/section>\n\t\t\t\t\t\t\t\t\t<\/div>\n\t\t\t<\/div>\n\t\t\t\t\t<\/div>\n\t\t","protected":false},"excerpt":{"rendered":"<p>Politique de confidentialit\u00e9 L&#8217;objectif de cet avis de confidentialit\u00e9 en ligne est de vous informer de mani\u00e8re concise, transparente, intelligible et facilement accessible des choix qui s&#8217;offrent \u00e0 vous quant \u00e0 la mani\u00e8re dont les informations sont collect\u00e9es. Chez Funtechinnovation.com, nous nous engageons \u00e0 prot\u00e9ger votre vie priv\u00e9e. Notre engagement est de prot\u00e9ger toutes les [&hellip;]<\/p>\n","protected":false},"author":6,"featured_media":0,"parent":0,"menu_order":0,"comment_status":"closed","ping_status":"closed","template":"","meta":{"content-type":"","inline_featured_image":false,"footnotes":""},"class_list":["post-52172","page","type-page","status-publish","hentry","entry"],"acf":[],"yoast_head":"<!-- This site is optimized with the Yoast SEO plugin v21.2 - https:\/\/yoast.com\/wordpress\/plugins\/seo\/ -->\n<title>Privacy Policy - FunTech Innovation<\/title>\n<meta name=\"robots\" content=\"index, follow, max-snippet:-1, max-image-preview:large, max-video-preview:-1\" \/>\n<link rel=\"canonical\" href=\"https:\/\/funtechinnovation.com\/fr\/privacy-policy\/\" \/>\n<meta property=\"og:locale\" content=\"fr_FR\" \/>\n<meta property=\"og:type\" content=\"article\" \/>\n<meta property=\"og:title\" content=\"Privacy Policy - FunTech Innovation\" \/>\n<meta property=\"og:description\" content=\"Politique de confidentialit\u00e9 L&#8217;objectif de cet avis de confidentialit\u00e9 en ligne est de vous informer de mani\u00e8re concise, transparente, intelligible et facilement accessible des choix qui s&#8217;offrent \u00e0 vous quant \u00e0 la mani\u00e8re dont les informations sont collect\u00e9es. Chez Funtechinnovation.com, nous nous engageons \u00e0 prot\u00e9ger votre vie priv\u00e9e. Notre engagement est de prot\u00e9ger toutes les [&hellip;]\" \/>\n<meta property=\"og:url\" content=\"https:\/\/funtechinnovation.com\/fr\/privacy-policy\/\" \/>\n<meta property=\"og:site_name\" content=\"FunTech Innovation\" \/>\n<meta property=\"article:modified_time\" content=\"2023-10-26T19:19:33+00:00\" \/>\n<meta name=\"twitter:card\" content=\"summary_large_image\" \/>\n<meta name=\"twitter:label1\" content=\"Dur\u00e9e de lecture estim\u00e9e\" \/>\n\t<meta name=\"twitter:data1\" content=\"11 minutes\" \/>\n<script type=\"application\/ld+json\" class=\"yoast-schema-graph\">{\"@context\":\"https:\/\/schema.org\",\"@graph\":[{\"@type\":\"WebPage\",\"@id\":\"https:\/\/funtechinnovation.com\/fr\/privacy-policy\/\",\"url\":\"https:\/\/funtechinnovation.com\/fr\/privacy-policy\/\",\"name\":\"Privacy Policy - FunTech Innovation\",\"isPartOf\":{\"@id\":\"https:\/\/funtechinnovation.com\/#website\"},\"datePublished\":\"2021-03-30T17:59:44+00:00\",\"dateModified\":\"2023-10-26T19:19:33+00:00\",\"breadcrumb\":{\"@id\":\"https:\/\/funtechinnovation.com\/fr\/privacy-policy\/#breadcrumb\"},\"inLanguage\":\"fr-FR\",\"potentialAction\":[{\"@type\":\"ReadAction\",\"target\":[\"https:\/\/funtechinnovation.com\/fr\/privacy-policy\/\"]}]},{\"@type\":\"BreadcrumbList\",\"@id\":\"https:\/\/funtechinnovation.com\/fr\/privacy-policy\/#breadcrumb\",\"itemListElement\":[{\"@type\":\"ListItem\",\"position\":1,\"name\":\"Home\",\"item\":\"https:\/\/funtechinnovation.com\/fr\/\"},{\"@type\":\"ListItem\",\"position\":2,\"name\":\"Privacy Policy\"}]},{\"@type\":\"WebSite\",\"@id\":\"https:\/\/funtechinnovation.com\/#website\",\"url\":\"https:\/\/funtechinnovation.com\/\",\"name\":\"FunTech Innovation\",\"description\":\"MEET THE FUTURE\",\"publisher\":{\"@id\":\"https:\/\/funtechinnovation.com\/#organization\"},\"potentialAction\":[{\"@type\":\"SearchAction\",\"target\":{\"@type\":\"EntryPoint\",\"urlTemplate\":\"https:\/\/funtechinnovation.com\/?s={search_term_string}\"},\"query-input\":\"required name=search_term_string\"}],\"inLanguage\":\"fr-FR\"},{\"@type\":\"Organization\",\"@id\":\"https:\/\/funtechinnovation.com\/#organization\",\"name\":\"FunTech Innovation\",\"url\":\"https:\/\/funtechinnovation.com\/\",\"logo\":{\"@type\":\"ImageObject\",\"inLanguage\":\"fr-FR\",\"@id\":\"https:\/\/funtechinnovation.com\/#\/schema\/logo\/image\/\",\"url\":\"https:\/\/funtechinnovation.com\/wp-content\/uploads\/2022\/08\/website-master-logo-white.png\",\"contentUrl\":\"https:\/\/funtechinnovation.com\/wp-content\/uploads\/2022\/08\/website-master-logo-white.png\",\"width\":461,\"height\":159,\"caption\":\"FunTech Innovation\"},\"image\":{\"@id\":\"https:\/\/funtechinnovation.com\/#\/schema\/logo\/image\/\"}}]}<\/script>\n<!-- \/ Yoast SEO plugin. -->","yoast_head_json":{"title":"Privacy Policy - FunTech Innovation","robots":{"index":"index","follow":"follow","max-snippet":"max-snippet:-1","max-image-preview":"max-image-preview:large","max-video-preview":"max-video-preview:-1"},"canonical":"https:\/\/funtechinnovation.com\/fr\/privacy-policy\/","og_locale":"fr_FR","og_type":"article","og_title":"Privacy Policy - FunTech Innovation","og_description":"Politique de confidentialit\u00e9 L&#8217;objectif de cet avis de confidentialit\u00e9 en ligne est de vous informer de mani\u00e8re concise, transparente, intelligible et facilement accessible des choix qui s&#8217;offrent \u00e0 vous quant \u00e0 la mani\u00e8re dont les informations sont collect\u00e9es. Chez Funtechinnovation.com, nous nous engageons \u00e0 prot\u00e9ger votre vie priv\u00e9e. Notre engagement est de prot\u00e9ger toutes les [&hellip;]","og_url":"https:\/\/funtechinnovation.com\/fr\/privacy-policy\/","og_site_name":"FunTech Innovation","article_modified_time":"2023-10-26T19:19:33+00:00","twitter_card":"summary_large_image","twitter_misc":{"Dur\u00e9e de lecture estim\u00e9e":"11 minutes"},"schema":{"@context":"https:\/\/schema.org","@graph":[{"@type":"WebPage","@id":"https:\/\/funtechinnovation.com\/fr\/privacy-policy\/","url":"https:\/\/funtechinnovation.com\/fr\/privacy-policy\/","name":"Privacy Policy - FunTech Innovation","isPartOf":{"@id":"https:\/\/funtechinnovation.com\/#website"},"datePublished":"2021-03-30T17:59:44+00:00","dateModified":"2023-10-26T19:19:33+00:00","breadcrumb":{"@id":"https:\/\/funtechinnovation.com\/fr\/privacy-policy\/#breadcrumb"},"inLanguage":"fr-FR","potentialAction":[{"@type":"ReadAction","target":["https:\/\/funtechinnovation.com\/fr\/privacy-policy\/"]}]},{"@type":"BreadcrumbList","@id":"https:\/\/funtechinnovation.com\/fr\/privacy-policy\/#breadcrumb","itemListElement":[{"@type":"ListItem","position":1,"name":"Home","item":"https:\/\/funtechinnovation.com\/fr\/"},{"@type":"ListItem","position":2,"name":"Privacy Policy"}]},{"@type":"WebSite","@id":"https:\/\/funtechinnovation.com\/#website","url":"https:\/\/funtechinnovation.com\/","name":"FunTech Innovation","description":"MEET THE FUTURE","publisher":{"@id":"https:\/\/funtechinnovation.com\/#organization"},"potentialAction":[{"@type":"SearchAction","target":{"@type":"EntryPoint","urlTemplate":"https:\/\/funtechinnovation.com\/?s={search_term_string}"},"query-input":"required name=search_term_string"}],"inLanguage":"fr-FR"},{"@type":"Organization","@id":"https:\/\/funtechinnovation.com\/#organization","name":"FunTech Innovation","url":"https:\/\/funtechinnovation.com\/","logo":{"@type":"ImageObject","inLanguage":"fr-FR","@id":"https:\/\/funtechinnovation.com\/#\/schema\/logo\/image\/","url":"https:\/\/funtechinnovation.com\/wp-content\/uploads\/2022\/08\/website-master-logo-white.png","contentUrl":"https:\/\/funtechinnovation.com\/wp-content\/uploads\/2022\/08\/website-master-logo-white.png","width":461,"height":159,"caption":"FunTech Innovation"},"image":{"@id":"https:\/\/funtechinnovation.com\/#\/schema\/logo\/image\/"}}]}},"_links":{"self":[{"href":"https:\/\/funtechinnovation.com\/fr\/wp-json\/wp\/v2\/pages\/52172","targetHints":{"allow":["GET"]}}],"collection":[{"href":"https:\/\/funtechinnovation.com\/fr\/wp-json\/wp\/v2\/pages"}],"about":[{"href":"https:\/\/funtechinnovation.com\/fr\/wp-json\/wp\/v2\/types\/page"}],"author":[{"embeddable":true,"href":"https:\/\/funtechinnovation.com\/fr\/wp-json\/wp\/v2\/users\/6"}],"replies":[{"embeddable":true,"href":"https:\/\/funtechinnovation.com\/fr\/wp-json\/wp\/v2\/comments?post=52172"}],"version-history":[{"count":3,"href":"https:\/\/funtechinnovation.com\/fr\/wp-json\/wp\/v2\/pages\/52172\/revisions"}],"predecessor-version":[{"id":54500,"href":"https:\/\/funtechinnovation.com\/fr\/wp-json\/wp\/v2\/pages\/52172\/revisions\/54500"}],"wp:attachment":[{"href":"https:\/\/funtechinnovation.com\/fr\/wp-json\/wp\/v2\/media?parent=52172"}],"curies":[{"name":"wp","href":"https:\/\/api.w.org\/{rel}","templated":true}]}}