{"id":52173,"date":"2021-03-31T01:59:44","date_gmt":"2021-03-30T17:59:44","guid":{"rendered":"https:\/\/funtechinnovation.com\/privacy-policy\/"},"modified":"2023-11-13T20:07:06","modified_gmt":"2023-11-13T20:07:06","slug":"privacy-policy","status":"publish","type":"page","link":"https:\/\/funtechinnovation.com\/de\/privacy-policy\/","title":{"rendered":"Privacy Policy"},"content":{"rendered":"\t\t<div data-elementor-type=\"wp-page\" data-elementor-id=\"52173\" class=\"elementor elementor-52173 elementor-16901\" data-elementor-post-type=\"page\">\n\t\t\t\t\t\t<div class=\"elementor-inner\">\n\t\t\t\t<div class=\"elementor-section-wrap\">\n\t\t\t\t\t\t\t\t\t<section data-particle_enable=\"false\" data-particle-mobile-disabled=\"false\" class=\"elementor-section elementor-top-section elementor-element elementor-element-92b52e3 elementor-section-boxed elementor-section-height-default elementor-section-height-default\" data-id=\"92b52e3\" data-element_type=\"section\" data-settings=\"{&quot;background_background&quot;:&quot;classic&quot;}\">\n\t\t\t\t\t\t<div class=\"elementor-container elementor-column-gap-default\">\n\t\t\t\t\t\t\t<div class=\"elementor-row\">\n\t\t\t\t\t<div class=\"elementor-column elementor-col-100 elementor-top-column elementor-element elementor-element-4f455c3\" data-id=\"4f455c3\" data-element_type=\"column\">\n\t\t\t<div class=\"elementor-column-wrap elementor-element-populated\">\n\t\t\t\t\t\t\t<div class=\"elementor-widget-wrap\">\n\t\t\t\t\t\t<div class=\"elementor-element elementor-element-89de516 elementor-widget elementor-widget-spacer\" data-id=\"89de516\" data-element_type=\"widget\" data-widget_type=\"spacer.default\">\n\t\t\t\t<div class=\"elementor-widget-container\">\n\t\t\t\t\t<div class=\"elementor-spacer\">\n\t\t\t<div class=\"elementor-spacer-inner\"><\/div>\n\t\t<\/div>\n\t\t\t\t<\/div>\n\t\t\t\t<\/div>\n\t\t\t\t\t\t<\/div>\n\t\t\t\t\t<\/div>\n\t\t<\/div>\n\t\t\t\t\t\t\t\t<\/div>\n\t\t\t\t\t<\/div>\n\t\t<\/section>\n\t\t\t\t<section data-particle_enable=\"false\" data-particle-mobile-disabled=\"false\" class=\"elementor-section elementor-top-section elementor-element elementor-element-6af6bf2 elementor-section-boxed elementor-section-height-default elementor-section-height-default\" data-id=\"6af6bf2\" data-element_type=\"section\">\n\t\t\t\t\t\t<div class=\"elementor-container elementor-column-gap-default\">\n\t\t\t\t\t\t\t<div class=\"elementor-row\">\n\t\t\t\t\t<div class=\"elementor-column elementor-col-100 elementor-top-column elementor-element elementor-element-890e27c\" data-id=\"890e27c\" data-element_type=\"column\">\n\t\t\t<div class=\"elementor-column-wrap elementor-element-populated\">\n\t\t\t\t\t\t\t<div class=\"elementor-widget-wrap\">\n\t\t\t\t\t\t<div class=\"elementor-element elementor-element-dad8f18 elementor-widget elementor-widget-spacer\" data-id=\"dad8f18\" data-element_type=\"widget\" data-widget_type=\"spacer.default\">\n\t\t\t\t<div class=\"elementor-widget-container\">\n\t\t\t\t\t<div class=\"elementor-spacer\">\n\t\t\t<div class=\"elementor-spacer-inner\"><\/div>\n\t\t<\/div>\n\t\t\t\t<\/div>\n\t\t\t\t<\/div>\n\t\t\t\t<div class=\"elementor-element elementor-element-640f255 elementor-widget elementor-widget-heading\" data-id=\"640f255\" data-element_type=\"widget\" data-widget_type=\"heading.default\">\n\t\t\t\t<div class=\"elementor-widget-container\">\n\t\t\t<h2 class=\"elementor-heading-title elementor-size-default\">Datenschutzrichtlinie<\/h2>\t\t<\/div>\n\t\t\t\t<\/div>\n\t\t\t\t<div class=\"elementor-element elementor-element-42bab54 elementor-widget elementor-widget-text-editor\" data-id=\"42bab54\" data-element_type=\"widget\" data-widget_type=\"text-editor.default\">\n\t\t\t\t<div class=\"elementor-widget-container\">\n\t\t\t\t\t\t\t\t<div class=\"elementor-text-editor elementor-clearfix\">\n\t\t\t\t<p>Datenschutzrichtlinie<\/p><p>Das Ziel dieser Online-Datenschutzerkl\u00e4rung besteht darin, Sie auf pr\u00e4gnante, transparente, verst\u00e4ndliche und leicht zug\u00e4ngliche Weise \u00fcber die Wahlm\u00f6glichkeiten zu informieren, die Sie hinsichtlich der Art und Weise der Datenerhebung haben.<\/p><p>Bei Funtechinnovation.com sind wir dem Schutz Ihrer Privatsph\u00e4re verpflichtet. Unser Versprechen besteht darin, alle pers\u00f6nlichen Daten, die Sie uns zur Verf\u00fcgung stellen, zu sch\u00fctzen und alle angemessenen Anstrengungen zu unternehmen, diese Informationen nur so zu verwenden, wie Sie es w\u00fcnschen, um die von Ihnen angeforderten Dienstleistungen zu erbringen. Pers\u00f6nliche Daten, wie sie in den EU- und US-amerikanischen Datenschutzgesetzen und der Informationssicherheit verwendet werden, sind Informationen, die einzeln oder zusammen mit anderen Informationen angemessen verwendet werden k\u00f6nnen und die Internetpr\u00e4senz von FunTech Innovation zu einem sicheren Ort f\u00fcr Online-Transaktionen f\u00fcr Sie machen.<\/p><p>Welche personenbezogenen Daten wir sammeln und warum wir sie sammeln<br \/>Informationen, die Sie uns ausdr\u00fccklich mitteilen<\/p><p>Um Ihr Konto als Kunde oder Handelspartner einzurichten, Ihre Bestellungen zu registrieren oder mit FunTech Innovation zu interagieren, werden Sie gebeten, uns bestimmte personenbezogene Daten wie Ihren Namen, Benutzernamen, Ihre Postanschrift und Ihre E-Mail-Adresse mitzuteilen Adresse, Telefonnummer und Rechnungsinformationen. Sie k\u00f6nnen sich daf\u00fcr entscheiden, diese Informationen nicht bereitzustellen. In diesem Fall k\u00f6nnen Sie jedoch m\u00f6glicherweise nicht an einigen unserer Dienste oder Angebote teilnehmen.<\/p><p>Informationen, die wir automatisch sammeln<\/p><p>Wir verwenden g\u00e4ngige Internettechnologien wie Cookies und Beacons, um die Integrit\u00e4t unserer Website sicherzustellen und Teile der Website f\u00fcr Sie anzupassen.<\/p><p>IP-Adresse : Wir analysieren IP-Adressen in ihrer Gesamtheit zu Zwecken der Systemadministration und um umfassende demografische Informationen zu sammeln. Wir verkn\u00fcpfen IP-Adressen nicht mit der Benutzer-ID Ihres Computers.<\/p><p>Cookie: Diese Website verwendet Cookies von Erst- und Drittanbietern (zu Profilierungszwecken), um Ihnen das beste und optimierteste Benutzererlebnis zu bieten, unsere Website zu verbessern und Ihnen Werbung entsprechend Ihren Pr\u00e4ferenzen anzuzeigen. Sie k\u00f6nnen Ihre Cookie-Einstellungen jederzeit \u00e4ndern, Teile dieser Website funktionieren jedoch ohne sie nicht ordnungsgem\u00e4\u00df. Wenn Sie auf dieser Website weitersurfen, ohne Ihre Einstellungen zu \u00e4ndern, gehen wir davon aus, dass Sie der Verwendung von Cookies und anderen Trackern, wie in unserem Cookie-Hinweis dargelegt, zustimmen. Weitere Informationen zu Cookies und deren Deaktivierung finden Sie in unserem Cookie-Hinweis.<\/p><p>Wem geh\u00f6ren Kundeninhalte?<\/p><p>Sie behalten das Eigentum an Ihren pers\u00f6nlichen Daten und w\u00e4hlen aus, welche FunTech Innovation-Dienste diese verarbeiten, speichern und hosten. Wir greifen nicht auf Kundeninhalte zu oder nutzen diese f\u00fcr andere Zwecke als die gesetzlich vorgeschriebenen Zwecke und f\u00fcr die Aufrechterhaltung und Bereitstellung der FunTech Innovation-Dienste f\u00fcr Sie.<\/p><p>Warum wird es gesammelt?<\/p><p>Das Ziel von FunTech Innovation bei der Erfassung personenbezogener Daten \u00fcber Sie besteht erstens darin, Ihnen ein sinnvolles, angenehmes und personalisiertes Website-Erlebnis zu bieten und zweitens die Entwicklung neuer Produkte und Dienstleistungen zu erleichtern, die f\u00fcr Kunden, Handelspartner und Besucher wie Sie relevant sind. Pers\u00f6nliche Informationen erm\u00f6glichen es uns auch, Ihnen einen besseren Service zu bieten, indem wir unsere Kommunikation an Ihre Interessen anpassen \u2013 liefern Sie mehr von dem, was Sie wollen, und weniger von dem, was Sie nicht wollen.<\/p><p>Wie verwenden wir Ihre Informationen?<br \/>FunTech Innovation verwendet die von Ihnen ausdr\u00fccklich zur Verf\u00fcgung gestellten personenbezogenen Daten nur zur Gesch\u00e4ftsabwicklung mit Ihnen. Wir k\u00f6nnen die Informationen, die wir von Ihnen sammeln, wenn Sie sich registrieren, einen Kauf t\u00e4tigen, sich f\u00fcr unseren Newsletter anmelden, an einer Umfrage oder Marketingmitteilung teilnehmen, auf der Website surfen oder bestimmte andere Funktionen der Website nutzen, auf folgende Weise verwenden:<\/p><p>Erstellen und Verwalten von Konten;<br \/>Bearbeitung, Erf\u00fcllung und Nachverfolgung von Bestellungen, soweit zutreffend;<br \/>Beantwortung Ihrer E-Mail;<br \/>Bereitstellung von Neuigkeiten zu unseren Produkten, Angeboten, Software-Upgrades, Dienstleistungen, Tipps und Projekten;<br \/>Versenden von Umfragen;<br \/>Analyse aggregierter Daten, um unser Verst\u00e4ndnis unserer Kunden und Handelspartner und unsere F\u00e4higkeit, ihre Bed\u00fcrfnisse zu erf\u00fcllen, zu verbessern.<br \/>Wir verwenden diese personenbezogenen Daten auch, um:<\/p><p>Bereitstellung von Informationen zu Ihrem Konto, den Produkten oder Dienstleistungen, die Sie bei uns gekauft haben;<br \/>Ihre Bed\u00fcrfnisse und Interessen verstehen;<br \/>unseren Service verbessern;<br \/>Kommunikation personalisieren.<\/p><p>Mit wem wird es geteilt?<br \/>Ihre personenbezogenen Daten werden nicht verkauft, gehandelt oder auf andere Weise an Dritte weitergegeben.<\/p><p>Unternehmen, die in unserem Auftrag arbeiten<br \/>Gelegentlich arbeiten wir mit Dritten zusammen, um ein besseres Benutzererlebnis zu bieten, beispielsweise bei der Abwicklung von Online-Bestellungen, dem Versenden von Updates per E-Mail oder dem Sammeln von freiwillig bereitgestelltem Feedback. Diese Websites Dritter befolgen entweder unsere Datenschutzrichtlinien in \u00dcbereinstimmung mit den gesetzlichen Anforderungen der USA und der EU sowie bew\u00e4hrten Datenschutzpraktiken oder zeigen ihre eigenen an prominenter Stelle an. Es ist ihnen untersagt, die Informationen an eine andere Partei weiterzugeben, es sei denn, dies ist f\u00fcr die Bereitstellung dieser Dienste erforderlich. Abgesehen von diesen Ausnahmen und f\u00fcr autorisierte staatliche Strafverfolgungsma\u00dfnahmen geben wir keine personenbezogenen Daten an externe Organisationen weiter, ohne zuvor Ihre Zustimmung einzuholen.<\/p><p>Gesch\u00e4fts\u00fcbertragungen: FunTech Innovation&amp;nbsp beh\u00e4lt sich das Recht vor, Ihre pers\u00f6nlichen Daten im Zusammenhang mit dem Verkauf oder der \u00dcbertragung unseres gesamten Unternehmens oder unserer Verm\u00f6genswerte oder eines Teils davon zu \u00fcbertragen, soweit dies nach geltendem Recht zul\u00e4ssig ist. Wenn das Unternehmen verkauft oder \u00fcbertragen wird, gibt Ihnen FunTech Innovation die M\u00f6glichkeit, uns mitzuteilen, dass wir Ihre personenbezogenen Daten nicht weitergeben sollen. In einigen F\u00e4llen kann dies bedeuten, dass die neue Organisation Ihnen die von FunTech Innovation&amp;nbsp bereitgestellten Dienstleistungen oder Produkte nicht weiterhin anbieten kann.<\/p><p>Strafverfolgung : FunTech Innovation kann personenbezogene Daten ohne Ihre Zustimmung aus einem der folgenden Gr\u00fcnde an Dritte weitergeben: um Gesetzen, Vorschriften oder Gerichtsbeschl\u00fcssen nachzukommen; bei staatlichen Ermittlungen mitzuarbeiten; um Betrug zu verhindern oder die Rechte von FunTech Innovation durchzusetzen oder zu sch\u00fctzen.<\/p><p>Welche E-Mails werden empfangen?<br \/>FunTech Innovation sendet Ihnen m\u00f6glicherweise E-Mails zu Ihren Bestellungen oder Ihrem Konto sowie als Antwort auf Ihre Fragen. FunTech Innovation und seine Tochtergesellschaften k\u00f6nnen Ihnen auch E-Mails mit Informationen und\/oder Sonderangeboten zu Produkten und Dienstleistungen senden, die f\u00fcr Sie von Interesse sein k\u00f6nnten, sofern Sie dem Erhalt solcher E-Mails gem\u00e4\u00df geltendem Recht zugestimmt haben.<\/p><p>Wir geben Ihnen die M\u00f6glichkeit, uns Ihre Pr\u00e4ferenz bez\u00fcglich des Erhalts von Werbe-E-Mails mitzuteilen. Diese Option gilt nur f\u00fcr Werbe-E-Mails, da wir es m\u00f6glicherweise f\u00fcr erforderlich halten, Ihnen E-Mails bez\u00fcglich Ihres Kontos, Ihrer Bestellung, Ihres Produkts oder Ihrer Preis\u00e4nderungen zu senden.<\/p><p>COPPA (Children Online Privacy Protection Act)<br \/>Wir verkaufen keine Produkte zum Kauf durch Kinder. Wenn es um die Erhebung personenbezogener Daten von Kindern unter 13 Jahren geht, gibt der Children&#8217;s Online Privacy Protection Act (COPPA) den Eltern die Kontrolle. Wenn Sie unter 18 Jahre alt sind, d\u00fcrfen Sie unsere Website nur unter Einbeziehung eines Elternteils oder Erziehungsberechtigten nutzen. Wir erfassen wissentlich keine personenbezogenen Daten von Kindern unter 13 Jahren ohne die Zustimmung der Eltern oder Erziehungsberechtigten des Kindes.<\/p><p>Pl\u00e4tzchen<br \/>Um den Website-Besuchern das bestm\u00f6gliche Erlebnis zu bieten, verwenden wir kommerzielle Software, um aggregierte Web-Metrikdaten zu melden und zu analysieren. Die Daten werden im Allgemeinen auf unbestimmte Zeit gespeichert, um die Leistung der Website zu verbessern.<\/p><p>Damit diese Website ordnungsgem\u00e4\u00df funktioniert, platzieren wir manchmal kleine Datendateien, sogenannte Cookies, auf Ihrem Ger\u00e4t. Die meisten gro\u00dfen Websites tun dies auch.<\/p><p>Was sind Cookies?<br \/>Cookies sind kleine Dateien, die eine Website oder ihr Dienstanbieter \u00fcber Ihren Webbrowser (sofern Sie dies zulassen) auf die Festplatte Ihres Computers \u00fcbertr\u00e4gt, wenn Sie unsere Website besuchen. Dadurch k\u00f6nnen die Systeme der Website oder des Dienstanbieters Ihren Browser erkennen und Ihre Aktionen und Pr\u00e4ferenzen erfassen und speichern. Beispielsweise verwenden wir Cookies, um uns dabei zu helfen, Ihre Anmeldedaten, Sprache und Schriftgr\u00f6\u00dfe zu speichern oder die Artikel in Ihrem Warenkorb zu verarbeiten. Sie werden auch verwendet, um uns zu helfen, Ihre Pr\u00e4ferenzen basierend auf fr\u00fcheren oder aktuellen Aktivit\u00e4ten auf der Website zu verstehen, was es uns erm\u00f6glicht, Ihnen verbesserte Dienste anzubieten. Wir verwenden Cookies auch, um aggregierte Daten \u00fcber den Website-Verkehr und die Website-Interaktion zusammenzustellen, damit wir in Zukunft bessere Website-Erlebnisse und Tools anbieten k\u00f6nnen.<\/p><p>Wie verwenden wir Cookies?<br \/>Wir verwenden Cookies, um :<\/p><p>Sie zu identifizieren. <br \/>Helfen Sie dabei, sich die Artikel im Warenkorb zu merken und zu verarbeiten. <br \/>Verstehen und speichern Sie die Pr\u00e4ferenzen des Benutzers f\u00fcr zuk\u00fcnftige Besuche.<\/p><p>Welche Cookies verwenden wir?<br \/>Unsere Websites verwenden drei Arten von Tools: Sitzungscookies, dauerhafte Cookies und andere Anpassungstools.<\/p><p>Sitzungscookies enthalten keine personenbezogenen Daten und verschwinden, sobald das Browserfenster geschlossen wird. Wir verwenden Sitzungscookies aus technischen Gr\u00fcnden, um Ihnen beispielsweise die Navigation auf den Websites zu erleichtern. Sitzungscookies sammeln nur nicht personenbezogene Daten.<\/p><p>Permanente Cookies speichern Informationen f\u00fcr l\u00e4ngere Zeitr\u00e4ume und \u00fcber mehrere Besuche hinweg auf Ihren Computern. Wir verwenden keine dauerhaften Cookies, um personenbezogene Daten \u00fcber Besucher zu sammeln. Allerdings verwenden wir dauerhafte Cookies, um die Web-Metriken zu verbessern, indem wir zwischen neuen und wiederkehrenden Besuchern unterscheiden, um anonym Daten dar\u00fcber zu sammeln, wie Besucher unsere Websites nutzen, und um Ihre freiwillig angegebenen Pr\u00e4ferenzen zu speichern, um ein reibungsloseres Surferlebnis zu erm\u00f6glichen.<\/p><p>Mithilfe von Anpassungstools k\u00f6nnen Sie freiwillig Informationen bereitstellen, um Ihr Online-Erlebnis zu personalisieren und zu verbessern. Informationen von Anpassungstools werden auf unseren Servern gespeichert.<\/p><p>Welche Cookies verwenden wir?<\/p><p>Sie k\u00f6nnen alle Cookies (mit Ausnahme unbedingt erforderlicher Cookies) ablehnen, falls Sie diese nicht erhalten m\u00f6chten, und Sie k\u00f6nnen Ihren Computer so einstellen, dass er Sie benachrichtigt, wenn Cookies verwendet werden. Sie k\u00f6nnen die bereits auf Ihrem Computer vorhandenen Cookies l\u00f6schen und Ihren Browser so einstellen, dass er deren Platzierung verhindert. Sie tun dies \u00fcber die Einstellungen Ihres Browsers (z. B. Internet Explorer). Jeder Browser ist ein wenig anders. Sehen Sie sich daher das Hilfemen\u00fc Ihres Browsers an, um zu erfahren, wie Sie Ihre Cookies richtig \u00e4ndern k\u00f6nnen. Das Deaktivieren von Cookies kann jedoch dazu f\u00fchren, dass einige Webdienste nicht ordnungsgem\u00e4\u00df funktionieren. Bitte beachten Sie, dass die Funktionalit\u00e4t der von Ihnen besuchten Website eingeschr\u00e4nkt sein kann, wenn Sie Ihren Computer so eingestellt haben, dass er Cookies ablehnt, und dass Sie dann m\u00f6glicherweise keinen Zugriff auf einige Funktionen der Website haben. Sie k\u00f6nnen jedoch weiterhin Bestellungen aufgeben. Um Cookies zu deaktivieren oder eine Warnung zu erhalten, wann immer Cookies verwendet werden, m\u00fcssen Sie die Einstellungen Ihres Browsers anpassen. Sie k\u00f6nnen Ihre Browsereinstellungen anpassen, um bestimmte Cookies zu l\u00f6schen. Besuchen Sie den \u201eHilfe\u201c-Bereich Ihres Browsers, um zu erfahren, wie Sie Ihre Cookie-Einstellungen verwalten, oder folgen Sie den untenstehenden Links:<br \/>Internet Explorer : https:\/\/support.microsoft.com\/help\/17442\/windows-internet-explorer-delete-manage-cookies <br \/>Mozilla Firefox : http:\/\/support.mozilla.com\/en-US\/kb\/Cookie <br \/>Google Chrome : http:\/\/www.google.com\/support\/chrome\/bin\/answer.py?hl=en&amp;answer=95647 <br \/>Safari: http:\/\/support.apple.com\/kb\/PH5042 <br \/>Opera: http:\/\/help.opera .com\/opera\/Windows\/2308\/en\/private.html <br \/>Um mehr \u00fcber Cookies zu erfahren, einschlie\u00dflich wie man sieht, welche Cookies gesetzt wurden und wie man sie verwaltet und l\u00f6scht, besuchen Sie www.allaboutcookies.org.<\/p><p>Um das Targeting durch viele Drittwerbeunternehmen abzulehnen, besuchen Sie bitte die Network Advertising Initiative (NAI).<\/p><p>Es sind auch Softwareprodukte erh\u00e4ltlich, die Cookies f\u00fcr Sie verwalten k\u00f6nnen. Viele Webbrowser erm\u00f6glichen Ihnen die Verwendung einer \u201eDo Not Track\u201c-Funktion, um Websites und Werbenetzwerke dar\u00fcber zu informieren, dass Sie nicht m\u00f6chten, dass Ihre Online-Aktivit\u00e4ten verfolgt werden. Weitere Informationen zu Browser-Tracking-Signalen und \u201eDo Not Track\u201c finden Sie unter Allaboutdnt.org.<\/p>\t\t\t\t\t<\/div>\n\t\t\t\t\t\t<\/div>\n\t\t\t\t<\/div>\n\t\t\t\t\t\t<\/div>\n\t\t\t\t\t<\/div>\n\t\t<\/div>\n\t\t\t\t\t\t\t\t<\/div>\n\t\t\t\t\t<\/div>\n\t\t<\/section>\n\t\t\t\t\t\t\t\t\t<\/div>\n\t\t\t<\/div>\n\t\t\t\t\t<\/div>\n\t\t","protected":false},"excerpt":{"rendered":"<p>Datenschutzrichtlinie Datenschutzrichtlinie Das Ziel dieser Online-Datenschutzerkl\u00e4rung besteht darin, Sie auf pr\u00e4gnante, transparente, verst\u00e4ndliche und leicht zug\u00e4ngliche Weise \u00fcber die Wahlm\u00f6glichkeiten zu informieren, die Sie hinsichtlich der Art und Weise der Datenerhebung haben. Bei Funtechinnovation.com sind wir dem Schutz Ihrer Privatsph\u00e4re verpflichtet. Unser Versprechen besteht darin, alle pers\u00f6nlichen Daten, die Sie uns zur Verf\u00fcgung stellen, zu [&hellip;]<\/p>\n","protected":false},"author":6,"featured_media":0,"parent":0,"menu_order":0,"comment_status":"closed","ping_status":"closed","template":"","meta":{"content-type":"","inline_featured_image":false,"footnotes":""},"class_list":["post-52173","page","type-page","status-publish","hentry","entry"],"acf":[],"yoast_head":"<!-- This site is optimized with the Yoast SEO plugin v21.2 - https:\/\/yoast.com\/wordpress\/plugins\/seo\/ -->\n<title>Datenschutzrichtlinie - FunTech Innovation<\/title>\n<meta name=\"robots\" content=\"index, follow, max-snippet:-1, max-image-preview:large, max-video-preview:-1\" \/>\n<link rel=\"canonical\" href=\"https:\/\/funtechinnovation.com\/de\/privacy-policy\/\" \/>\n<meta property=\"og:locale\" content=\"de_DE\" \/>\n<meta property=\"og:type\" content=\"article\" \/>\n<meta property=\"og:title\" content=\"Datenschutzrichtlinie - FunTech Innovation\" \/>\n<meta property=\"og:description\" content=\"Datenschutzrichtlinie Datenschutzrichtlinie Das Ziel dieser Online-Datenschutzerkl\u00e4rung besteht darin, Sie auf pr\u00e4gnante, transparente, verst\u00e4ndliche und leicht zug\u00e4ngliche Weise \u00fcber die Wahlm\u00f6glichkeiten zu informieren, die Sie hinsichtlich der Art und Weise der Datenerhebung haben. Bei Funtechinnovation.com sind wir dem Schutz Ihrer Privatsph\u00e4re verpflichtet. Unser Versprechen besteht darin, alle pers\u00f6nlichen Daten, die Sie uns zur Verf\u00fcgung stellen, zu [&hellip;]\" \/>\n<meta property=\"og:url\" content=\"https:\/\/funtechinnovation.com\/de\/privacy-policy\/\" \/>\n<meta property=\"og:site_name\" content=\"FunTech Innovation\" \/>\n<meta property=\"article:modified_time\" content=\"2023-11-13T20:07:06+00:00\" \/>\n<meta name=\"twitter:card\" content=\"summary_large_image\" \/>\n<meta name=\"twitter:label1\" content=\"Gesch\u00e4tzte Lesezeit\" \/>\n\t<meta name=\"twitter:data1\" content=\"8\u00a0Minuten\" \/>\n<script type=\"application\/ld+json\" class=\"yoast-schema-graph\">{\"@context\":\"https:\/\/schema.org\",\"@graph\":[{\"@type\":\"WebPage\",\"@id\":\"https:\/\/funtechinnovation.com\/de\/privacy-policy\/\",\"url\":\"https:\/\/funtechinnovation.com\/de\/privacy-policy\/\",\"name\":\"Datenschutzrichtlinie - FunTech Innovation\",\"isPartOf\":{\"@id\":\"https:\/\/funtechinnovation.com\/#website\"},\"datePublished\":\"2021-03-30T17:59:44+00:00\",\"dateModified\":\"2023-11-13T20:07:06+00:00\",\"breadcrumb\":{\"@id\":\"https:\/\/funtechinnovation.com\/de\/privacy-policy\/#breadcrumb\"},\"inLanguage\":\"de\",\"potentialAction\":[{\"@type\":\"ReadAction\",\"target\":[\"https:\/\/funtechinnovation.com\/de\/privacy-policy\/\"]}]},{\"@type\":\"BreadcrumbList\",\"@id\":\"https:\/\/funtechinnovation.com\/de\/privacy-policy\/#breadcrumb\",\"itemListElement\":[{\"@type\":\"ListItem\",\"position\":1,\"name\":\"Home\",\"item\":\"https:\/\/funtechinnovation.com\/\"},{\"@type\":\"ListItem\",\"position\":2,\"name\":\"Privacy Policy\"}]},{\"@type\":\"WebSite\",\"@id\":\"https:\/\/funtechinnovation.com\/#website\",\"url\":\"https:\/\/funtechinnovation.com\/\",\"name\":\"FunTech Innovation\",\"description\":\"MEET THE FUTURE\",\"publisher\":{\"@id\":\"https:\/\/funtechinnovation.com\/#organization\"},\"potentialAction\":[{\"@type\":\"SearchAction\",\"target\":{\"@type\":\"EntryPoint\",\"urlTemplate\":\"https:\/\/funtechinnovation.com\/?s={search_term_string}\"},\"query-input\":\"required name=search_term_string\"}],\"inLanguage\":\"de\"},{\"@type\":\"Organization\",\"@id\":\"https:\/\/funtechinnovation.com\/#organization\",\"name\":\"FunTech Innovation\",\"url\":\"https:\/\/funtechinnovation.com\/\",\"logo\":{\"@type\":\"ImageObject\",\"inLanguage\":\"de\",\"@id\":\"https:\/\/funtechinnovation.com\/#\/schema\/logo\/image\/\",\"url\":\"https:\/\/funtechinnovation.com\/wp-content\/uploads\/2022\/08\/website-master-logo-white.png\",\"contentUrl\":\"https:\/\/funtechinnovation.com\/wp-content\/uploads\/2022\/08\/website-master-logo-white.png\",\"width\":461,\"height\":159,\"caption\":\"FunTech Innovation\"},\"image\":{\"@id\":\"https:\/\/funtechinnovation.com\/#\/schema\/logo\/image\/\"}}]}<\/script>\n<!-- \/ Yoast SEO plugin. -->","yoast_head_json":{"title":"Datenschutzrichtlinie - FunTech Innovation","robots":{"index":"index","follow":"follow","max-snippet":"max-snippet:-1","max-image-preview":"max-image-preview:large","max-video-preview":"max-video-preview:-1"},"canonical":"https:\/\/funtechinnovation.com\/de\/privacy-policy\/","og_locale":"de_DE","og_type":"article","og_title":"Datenschutzrichtlinie - FunTech Innovation","og_description":"Datenschutzrichtlinie Datenschutzrichtlinie Das Ziel dieser Online-Datenschutzerkl\u00e4rung besteht darin, Sie auf pr\u00e4gnante, transparente, verst\u00e4ndliche und leicht zug\u00e4ngliche Weise \u00fcber die Wahlm\u00f6glichkeiten zu informieren, die Sie hinsichtlich der Art und Weise der Datenerhebung haben. Bei Funtechinnovation.com sind wir dem Schutz Ihrer Privatsph\u00e4re verpflichtet. Unser Versprechen besteht darin, alle pers\u00f6nlichen Daten, die Sie uns zur Verf\u00fcgung stellen, zu [&hellip;]","og_url":"https:\/\/funtechinnovation.com\/de\/privacy-policy\/","og_site_name":"FunTech Innovation","article_modified_time":"2023-11-13T20:07:06+00:00","twitter_card":"summary_large_image","twitter_misc":{"Gesch\u00e4tzte Lesezeit":"8\u00a0Minuten"},"schema":{"@context":"https:\/\/schema.org","@graph":[{"@type":"WebPage","@id":"https:\/\/funtechinnovation.com\/de\/privacy-policy\/","url":"https:\/\/funtechinnovation.com\/de\/privacy-policy\/","name":"Datenschutzrichtlinie - FunTech Innovation","isPartOf":{"@id":"https:\/\/funtechinnovation.com\/#website"},"datePublished":"2021-03-30T17:59:44+00:00","dateModified":"2023-11-13T20:07:06+00:00","breadcrumb":{"@id":"https:\/\/funtechinnovation.com\/de\/privacy-policy\/#breadcrumb"},"inLanguage":"de","potentialAction":[{"@type":"ReadAction","target":["https:\/\/funtechinnovation.com\/de\/privacy-policy\/"]}]},{"@type":"BreadcrumbList","@id":"https:\/\/funtechinnovation.com\/de\/privacy-policy\/#breadcrumb","itemListElement":[{"@type":"ListItem","position":1,"name":"Home","item":"https:\/\/funtechinnovation.com\/"},{"@type":"ListItem","position":2,"name":"Privacy Policy"}]},{"@type":"WebSite","@id":"https:\/\/funtechinnovation.com\/#website","url":"https:\/\/funtechinnovation.com\/","name":"FunTech Innovation","description":"MEET THE FUTURE","publisher":{"@id":"https:\/\/funtechinnovation.com\/#organization"},"potentialAction":[{"@type":"SearchAction","target":{"@type":"EntryPoint","urlTemplate":"https:\/\/funtechinnovation.com\/?s={search_term_string}"},"query-input":"required name=search_term_string"}],"inLanguage":"de"},{"@type":"Organization","@id":"https:\/\/funtechinnovation.com\/#organization","name":"FunTech Innovation","url":"https:\/\/funtechinnovation.com\/","logo":{"@type":"ImageObject","inLanguage":"de","@id":"https:\/\/funtechinnovation.com\/#\/schema\/logo\/image\/","url":"https:\/\/funtechinnovation.com\/wp-content\/uploads\/2022\/08\/website-master-logo-white.png","contentUrl":"https:\/\/funtechinnovation.com\/wp-content\/uploads\/2022\/08\/website-master-logo-white.png","width":461,"height":159,"caption":"FunTech Innovation"},"image":{"@id":"https:\/\/funtechinnovation.com\/#\/schema\/logo\/image\/"}}]}},"_links":{"self":[{"href":"https:\/\/funtechinnovation.com\/de\/wp-json\/wp\/v2\/pages\/52173","targetHints":{"allow":["GET"]}}],"collection":[{"href":"https:\/\/funtechinnovation.com\/de\/wp-json\/wp\/v2\/pages"}],"about":[{"href":"https:\/\/funtechinnovation.com\/de\/wp-json\/wp\/v2\/types\/page"}],"author":[{"embeddable":true,"href":"https:\/\/funtechinnovation.com\/de\/wp-json\/wp\/v2\/users\/6"}],"replies":[{"embeddable":true,"href":"https:\/\/funtechinnovation.com\/de\/wp-json\/wp\/v2\/comments?post=52173"}],"version-history":[{"count":5,"href":"https:\/\/funtechinnovation.com\/de\/wp-json\/wp\/v2\/pages\/52173\/revisions"}],"predecessor-version":[{"id":57355,"href":"https:\/\/funtechinnovation.com\/de\/wp-json\/wp\/v2\/pages\/52173\/revisions\/57355"}],"wp:attachment":[{"href":"https:\/\/funtechinnovation.com\/de\/wp-json\/wp\/v2\/media?parent=52173"}],"curies":[{"name":"wp","href":"https:\/\/api.w.org\/{rel}","templated":true}]}}